{"id":4912,"date":"2021-09-10T18:48:59","date_gmt":"2021-09-10T18:48:59","guid":{"rendered":"https:\/\/tasche.com.ar?page_id=4912"},"modified":"2023-08-02T13:40:24","modified_gmt":"2023-08-02T13:40:24","slug":"podcast-profesionales-y-oficios-en-movimiento","status":"publish","type":"page","link":"https:\/\/tasche.com.ar\/en\/podcast-profesionales-y-oficios-en-movimiento\/","title":{"rendered":"Podcast"},"content":{"rendered":"<div  class=\"sec_row container-fluid\"><div class=\"vc_row wpb_row vc_row-fluid no-padding align-center vc_custom_1631588026397 vc_row-has-fill vc_row-o-content-bottom vc_row-flex\"><div class=\"wpb_column vc_column_container vc_col-sm-3\/5 et-dark-column\"><div class=\"vc_column-inner\"><div class=\"wpb_wrapper\">\n\t<div class=\"wpb_text_column wpb_content_element\" >\n\t\t<div class=\"wpb_wrapper\">\n\t\t\t<h1>Podcast | Profesionales y oficios en movimiento<\/h1>\n\n\t\t<\/div>\n\t<\/div>\n\n\t<div class=\"wpb_text_column wpb_content_element\" >\n\t\t<div class=\"wpb_wrapper\">\n\t\t\t<p><span style=\"font-weight: 400;\">Como marca que apoya el desarrollo de trabajadores nacionales y emprendedores, queremos conocer sus historias, c\u00f3mo es su d\u00eda a d\u00eda y cu\u00e1les son las cosas que despiertan su inter\u00e9s.<\/span><\/p>\n\n\t\t<\/div>\n\t<\/div>\n<\/div><\/div><\/div><\/div><\/div><div  class=\"sec_row container-fluid\"><div class=\"vc_row wpb_row vc_row-fluid no-padding\"><div class=\"wpb_column vc_column_container vc_col-sm-12 et-dark-column\"><div class=\"vc_column-inner\"><div class=\"wpb_wrapper\">\n\t<div  class=\"wpb_single_image wpb_content_element vc_align_center  vc_custom_1631301825326\">\n\t\t\n\t\t<figure class=\"wpb_wrapper vc_figure\">\n\t\t\t<div class=\"vc_single_image-wrapper   vc_box_border_grey\"><img loading=\"lazy\" decoding=\"async\" width=\"1916\" height=\"350\" src=\"https:\/\/tasche.com.ar\/wp-content\/uploads\/2021\/09\/TASCHE_podcast-03.jpg\" class=\"vc_single_image-img attachment-full\" alt=\"\" srcset=\"https:\/\/tasche.com.ar\/wp-content\/uploads\/2021\/09\/TASCHE_podcast-03.jpg 1916w, https:\/\/tasche.com.ar\/wp-content\/uploads\/2021\/09\/TASCHE_podcast-03-300x55.jpg 300w, https:\/\/tasche.com.ar\/wp-content\/uploads\/2021\/09\/TASCHE_podcast-03-1024x187.jpg 1024w, https:\/\/tasche.com.ar\/wp-content\/uploads\/2021\/09\/TASCHE_podcast-03-768x140.jpg 768w, https:\/\/tasche.com.ar\/wp-content\/uploads\/2021\/09\/TASCHE_podcast-03-1536x281.jpg 1536w, https:\/\/tasche.com.ar\/wp-content\/uploads\/2021\/09\/TASCHE_podcast-03-150x27.jpg 150w, https:\/\/tasche.com.ar\/wp-content\/uploads\/2021\/09\/TASCHE_podcast-03-450x82.jpg 450w, https:\/\/tasche.com.ar\/wp-content\/uploads\/2021\/09\/TASCHE_podcast-03-900x164.jpg 900w\" sizes=\"auto, (max-width: 1916px) 100vw, 1916px\" \/><\/div>\n\t\t<\/figure>\n\t<\/div>\n<\/div><\/div><\/div><\/div><\/div><div  class=\"sec_row container\"><div class=\"vc_row wpb_row vc_row-fluid align-center\"><div class=\"wpb_column vc_column_container vc_col-sm-3\/5 et-dark-column\"><div class=\"vc_column-inner\"><div class=\"wpb_wrapper\">\n\t<div class=\"wpb_text_column wpb_content_element\" >\n\t\t<div class=\"wpb_wrapper\">\n\t\t\t<p><span style=\"font-weight: 400;\">En esta secci\u00f3n, te presentamos diferentes testimonios que nos abren las puertas a su cotidianeidad y nos cuenta sobre sus profesiones y oficios.<\/span><span style=\"font-weight: 400;\"><br \/>\n<\/span><span style=\"font-weight: 400;\"><br \/>\n<\/span><span style=\"font-weight: 400;\">TASCHE te invita a este recorrido, siendo parte de la comunidad y escuchando lo que estas personas activas tienen para contar.<\/span><\/p>\n<h3><span style=\"font-weight: 400;\">Si quer\u00e9s contarnos tu historia y ser parte de nuestro podcast, escribinos a corporativo@tasche.com.ar<\/span><\/h3>\n<p><span style=\"font-weight: 400;\">We are a generation constantly coming and going.<\/span><span style=\"font-weight: 400;\"><br \/>\n<\/span><span style=\"font-weight: 400;\">We are people on the move.<\/span><span style=\"font-weight: 400;\"><br \/>\n<\/span><span style=\"font-weight: 400;\">Somos TASCHE. <\/span><\/p>\n\n\t\t<\/div>\n\t<\/div>\n<\/div><\/div><\/div><\/div><\/div><div  class=\"sec_row container\"><div class=\"vc_row wpb_row vc_row-fluid align-center\"><div class=\"wpb_column vc_column_container vc_col-sm-3\/5 et-dark-column\"><div class=\"vc_column-inner\"><div class=\"wpb_wrapper\">\n\t<div class=\"wpb_raw_code wpb_content_element wpb_raw_html\" >\n\t\t<div class=\"wpb_wrapper\">\n\t\t\t<iframe style=\"border-radius:12px\" src=\"https:\/\/open.spotify.com\/embed\/episode\/4IX6Yg33sJxbNuxSP4dVpA?utm_source=generator\" width=\"100%\" height=\"352\" frameborder=\"0\" allowfullscreen=\"\" allow=\"autoplay; clipboard-write; encrypted-media; fullscreen; picture-in-picture\" loading=\"lazy\"><\/iframe>\n\t\t<\/div>\n\t<\/div>\n\n\t<div class=\"wpb_raw_code wpb_content_element wpb_raw_html\" >\n\t\t<div class=\"wpb_wrapper\">\n\t\t\t<iframe style=\"border-radius:12px\" src=\"https:\/\/open.spotify.com\/embed\/episode\/5P0ZhniMD8CLtPd0VmBUba?utm_source=generator\" width=\"100%\" height=\"352\" frameborder=\"0\" allowfullscreen=\"\" allow=\"autoplay; clipboard-write; encrypted-media; fullscreen; picture-in-picture\" loading=\"lazy\"><\/iframe>\n\t\t<\/div>\n\t<\/div>\n\n\t<div class=\"wpb_raw_code wpb_content_element wpb_raw_html\" >\n\t\t<div class=\"wpb_wrapper\">\n\t\t\t<iframe loading=\"lazy\" style=\"border-radius:12px\" src=\"https:\/\/open.spotify.com\/embed\/episode\/2tTnmBeXESKT88cK6wq9Mh?utm_source=generator\" width=\"100%\" height=\"232\" frameborder=\"0\" allowfullscreen=\"\" allow=\"autoplay; clipboard-write; encrypted-media; fullscreen; picture-in-picture\"><\/iframe>\n\t\t<\/div>\n\t<\/div>\n\n\t<div class=\"wpb_raw_code wpb_content_element wpb_raw_html\" >\n\t\t<div class=\"wpb_wrapper\">\n\t\t\t<iframe loading=\"lazy\" src=\"https:\/\/open.spotify.com\/embed\/episode\/6r172Jg7eU2G3Ktj4YoSov?utm_source=generator\" width=\"100%\" height=\"232\" frameborder=\"0\" allowfullscreen=\"\" allow=\"autoplay; clipboard-write; encrypted-media; fullscreen; picture-in-picture\"><\/iframe>\n\t\t<\/div>\n\t<\/div>\n\n\t<div class=\"wpb_raw_code wpb_content_element wpb_raw_html\" >\n\t\t<div class=\"wpb_wrapper\">\n\t\t\t<iframe loading=\"lazy\" src=\"https:\/\/open.spotify.com\/embed\/episode\/1VXWPGwPMEBQPBpwb35xWM?utm_source=generator\" width=\"100%\" height=\"232\" frameborder=\"0\" allowfullscreen=\"\" allow=\"autoplay; clipboard-write; encrypted-media; fullscreen; picture-in-picture\"><\/iframe>\n\t\t<\/div>\n\t<\/div>\n\n\t<div class=\"wpb_raw_code wpb_content_element wpb_raw_html\" >\n\t\t<div class=\"wpb_wrapper\">\n\t\t\t<iframe loading=\"lazy\" src=\"https:\/\/open.spotify.com\/embed\/episode\/5HVPLscCniKZKGGtTbPmXo?utm_source=generator\" width=\"100%\" height=\"232\" frameborder=\"0\" allowfullscreen=\"\" allow=\"autoplay; clipboard-write; encrypted-media; fullscreen; picture-in-picture\"><\/iframe>\n\t\t<\/div>\n\t<\/div>\n<\/div><\/div><\/div><\/div><\/div>","protected":false},"excerpt":{"rendered":"Podcast | Profesionales y oficios en movimiento Como marca que apoya el desarrollo de trabajadores nacionales y emprendedores, queremos conocer sus historias, c\u00f3mo es su d\u00eda a d\u00eda y cu\u00e1les son las cosas que despiertan su inter\u00e9s. En esta secci\u00f3n, te presentamos diferentes testimonios que nos abren las puertas a&hellip;","protected":false},"author":3,"featured_media":0,"parent":0,"menu_order":0,"comment_status":"closed","ping_status":"closed","template":"","meta":{"footnotes":""},"class_list":["post-4912","page","type-page","status-publish","hentry"],"_links":{"self":[{"href":"https:\/\/tasche.com.ar\/en\/wp-json\/wp\/v2\/pages\/4912","targetHints":{"allow":["GET"]}}],"collection":[{"href":"https:\/\/tasche.com.ar\/en\/wp-json\/wp\/v2\/pages"}],"about":[{"href":"https:\/\/tasche.com.ar\/en\/wp-json\/wp\/v2\/types\/page"}],"author":[{"embeddable":true,"href":"https:\/\/tasche.com.ar\/en\/wp-json\/wp\/v2\/users\/3"}],"replies":[{"embeddable":true,"href":"https:\/\/tasche.com.ar\/en\/wp-json\/wp\/v2\/comments?post=4912"}],"version-history":[{"count":21,"href":"https:\/\/tasche.com.ar\/en\/wp-json\/wp\/v2\/pages\/4912\/revisions"}],"predecessor-version":[{"id":5647,"href":"https:\/\/tasche.com.ar\/en\/wp-json\/wp\/v2\/pages\/4912\/revisions\/5647"}],"wp:attachment":[{"href":"https:\/\/tasche.com.ar\/en\/wp-json\/wp\/v2\/media?parent=4912"}],"curies":[{"name":"wp","href":"https:\/\/api.w.org\/{rel}","templated":true}]}}