{"id":72,"date":"2019-03-17T17:19:40","date_gmt":"2019-03-17T17:19:40","guid":{"rendered":"https:\/\/goya.everthemes.com\/demo-fashion\/?page_id=72"},"modified":"2021-06-08T22:39:54","modified_gmt":"2021-06-08T22:39:54","slug":"terms-conditions","status":"publish","type":"page","link":"https:\/\/tasche.com.ar\/en\/terms-conditions\/","title":{"rendered":"Terms and Conditions"},"content":{"rendered":"<h3 class=\"wp-block-heading\">Introducci\u00f3n<\/h3>\n\n\n\n<p>Estos T\u00e9rminos y condiciones est\u00e1ndar del sitio web escritos en esta p\u00e1gina web administrar\u00e1n su uso de nuestro sitio web.,&nbsp;Tasche&nbsp;accessible en&nbsp;tasche.com.<\/p>\n\n\n\n<p>Estos T\u00e9rminos se aplicar\u00e1n en su totalidad y afectar\u00e1n a su uso de este sitio web. Al utilizar este sitio web, acord\u00f3 aceptar todos los t\u00e9rminos y condiciones aqu\u00ed escritos. No debe utilizar este sitio web si no est\u00e1 de acuerdo con alguno de estos T\u00e9rminos y condiciones est\u00e1ndar del sitio web.<\/p>\n\n\n\n<p>No se permite el uso de este sitio web a menores de edad o menores de 18 a\u00f1os.<\/p>\n\n\n\n<h3 class=\"wp-block-heading\">Derechos de propiedad intelectual<\/h3>\n\n\n\n<p>Aparte del contenido que usted posee, bajo estos T\u00e9rminos,  nbsp; Tasche &nbsp; y\/o sus licenciantes poseen todos los derechos de propiedad intelectual y los materiales contenidos en este sitio web.<\/p>\n\n\n\n<p>You are granted limited license only for purposes of viewing the material contained on this Website.<\/p>\n\n\n\n<h3 class=\"wp-block-heading\">Restrictions<\/h3>\n\n\n\n<p>You are specifically restricted from all of the following:<\/p>\n\n\n\n<ul class=\"wp-block-list\"><li>publishing any Website material in any other media;<\/li><li>selling, sublicensing and\/or otherwise commercializing any Website material;<\/li><li>publicly performing and\/or showing any Website material;<\/li><li>using this Website in any way that is or may be damaging to this Website;<\/li><li>using this Website in any way that impacts user access to this Website;<\/li><li>using this Website contrary to applicable laws and regulations, or in any way may cause harm to the Website, or to any person or business entity;<\/li><li>engaging in any data mining, data harvesting, data extracting or any other similar activity in relation to this Website;<\/li><li>using this Website to engage in any advertising or marketing.<\/li><\/ul>\n\n\n\n<p>Certain areas of this Website are restricted from being access by you and Tasche may further restrict access by you to any areas of this Website, at any time, in absolute discretion. Any user ID and password you may have for this Website are confidential and you must maintain confidentiality as well.<\/p>\n\n\n\n<h3 class=\"wp-block-heading\">Your Content<\/h3>\n\n\n\n<p>In these Website Standard Terms and Conditions, \u201cYour Content\u201d shall mean any audio, video text, images or other material you choose to display on this Website. By displaying Your Content, you grant&nbsp;Tasche&nbsp;a non-exclusive, worldwide irrevocable, sub licensable license to use, reproduce, adapt, publish, translate and distribute it in any and all media.<\/p>\n\n\n\n<p>Your Content must be your own and must not be invading any third-party&#8217;s rights.&nbsp;Tasche &nbsp;reserves the right to remove any of Your Content from this Website at any time without notice.<\/p>\n\n\n\n<h3 class=\"wp-block-heading\">No warranties<\/h3>\n\n\n\n<p>This Website is provided \u201cas is,\u201d with all faults, and&nbsp;Tasche&nbsp;express no representations or warranties, of any kind related to this Website or the materials contained on this Website. Also, nothing contained on this Website shall be interpreted as advising you.<\/p>\n\n\n\n<h3 class=\"wp-block-heading\">Limitation of liability<\/h3>\n\n\n\n<p>In no event shall&nbsp;Tasche, nor any of its officers, directors and employees, shall be held liable for anything arising out of or in any way connected with your use of this Website whether such liability is under contract. &nbsp;Tasche, including its officers, directors and employees shall not be held liable for any indirect, consequential or special liability arising out of or in any way related to your use of this Website.<\/p>\n\n\n\n<h3 class=\"wp-block-heading\">IndemnificationYou hereby indemnify to the fullest extent&nbsp;Tasche&nbsp;from and against any and\/or all liabilities, costs, demands, causes of action, damages and expenses arising in any way related to your breach of any of the provisions of these Terms.<\/h3>\n\n\n\n<h3 class=\"wp-block-heading\">Severability<\/h3>\n\n\n\n<p>If any provision of these Terms is found to be invalid under any applicable law, such provisions shall be deleted without affecting the remaining provisions herein.<\/p>\n\n\n\n<h3 class=\"wp-block-heading\">Variation of Terms<\/h3>\n\n\n\n<p>Tasche&nbsp;is permitted to revise these Terms at any time as it sees fit, and by using this Website you are expected to review these Terms on a regular basis.<\/p>\n\n\n\n<h3 class=\"wp-block-heading\">Assignment<\/h3>\n\n\n\n<p>The&nbsp;Tasche&nbsp;is allowed to assign, transfer, and subcontract its rights and\/or obligations under these Terms without any notification. However, you are not allowed to assign, transfer, or subcontract any of your rights and\/or obligations under these Terms.<\/p>\n\n\n\n<h3 class=\"wp-block-heading\">Entire Agreement<\/h3>\n\n\n\n<p>These Terms constitute the entire agreement between&nbsp;Tasche&nbsp;and you in relation to your use of this Website, and supersede all prior agreements and understandings.<\/p>\n\n\n\n<h3 class=\"wp-block-heading\">Governing Law &amp; Jurisdiction<\/h3>\n\n\n\n<p>These Terms will be governed by and interpreted in accordance with the laws of the State of&nbsp;Country, and you submit to the non-exclusive jurisdiction of the state and federal courts located in&nbsp;Country&nbsp;for the resolution of any disputes.<\/p>","protected":false},"excerpt":{"rendered":"<p>Introducci\u00f3n Estos T\u00e9rminos y condiciones est\u00e1ndar del sitio web escritos en esta p\u00e1gina web administrar\u00e1n su uso de nuestro sitio web.,&nbsp;Tasche&nbsp;accessible en&nbsp;tasche.com. Estos T\u00e9rminos se aplicar\u00e1n en su totalidad y afectar\u00e1n a su uso de este sitio web. Al utilizar este sitio web, acord\u00f3 aceptar todos los t\u00e9rminos y condiciones&hellip;<\/p>","protected":false},"author":2,"featured_media":0,"parent":0,"menu_order":0,"comment_status":"closed","ping_status":"closed","template":"","meta":{"footnotes":""},"class_list":["post-72","page","type-page","status-publish","hentry"],"_links":{"self":[{"href":"https:\/\/tasche.com.ar\/en\/wp-json\/wp\/v2\/pages\/72","targetHints":{"allow":["GET"]}}],"collection":[{"href":"https:\/\/tasche.com.ar\/en\/wp-json\/wp\/v2\/pages"}],"about":[{"href":"https:\/\/tasche.com.ar\/en\/wp-json\/wp\/v2\/types\/page"}],"author":[{"embeddable":true,"href":"https:\/\/tasche.com.ar\/en\/wp-json\/wp\/v2\/users\/2"}],"replies":[{"embeddable":true,"href":"https:\/\/tasche.com.ar\/en\/wp-json\/wp\/v2\/comments?post=72"}],"version-history":[{"count":2,"href":"https:\/\/tasche.com.ar\/en\/wp-json\/wp\/v2\/pages\/72\/revisions"}],"predecessor-version":[{"id":4812,"href":"https:\/\/tasche.com.ar\/en\/wp-json\/wp\/v2\/pages\/72\/revisions\/4812"}],"wp:attachment":[{"href":"https:\/\/tasche.com.ar\/en\/wp-json\/wp\/v2\/media?parent=72"}],"curies":[{"name":"wp","href":"https:\/\/api.w.org\/{rel}","templated":true}]}}