{"id":5018,"date":"2021-12-07T16:23:09","date_gmt":"2021-12-07T16:23:09","guid":{"rendered":"https:\/\/tasche.com.ar?post_type=product&#038;p=5018"},"modified":"2025-12-06T02:22:46","modified_gmt":"2025-12-06T02:22:46","slug":"mochila-duo-cafayate-verde","status":"publish","type":"product","link":"https:\/\/tasche.com.ar\/en\/product\/mochila-duo-cafayate-verde\/","title":{"rendered":"Backpack \u201cD\u00fao\u201d Cafayate Green"},"content":{"rendered":"<div  class=\"sec_row container-fluid\"><div class=\"vc_row wpb_row vc_row-fluid\"><div class=\"wpb_column vc_column_container vc_col-sm-12 et-dark-column\"><div class=\"vc_column-inner\"><div class=\"wpb_wrapper\">\n\t<div class=\"wpb_text_column wpb_content_element   vc_custom_1638892602318\" >\n\t\t<div class=\"wpb_wrapper\">\n\t\t\t<p><span style=\"font-weight: 400;\">Functional and adaptable bag, designed to carry your essentials in a practical and light way. <\/span><span style=\"font-weight: 400;\"><br \/><\/span><span style=\"font-weight: 400;\">Made in 100% Panama Cotton with details in full-grain vegetable tanned leather.<\/span><span style=\"font-weight: 400;\"><br \/><\/span><span style=\"font-weight: 400;\">Padded back and handles for extra comfort.<\/span><span style=\"font-weight: 400;\"><br \/><\/span><span style=\"font-weight: 400;\">It counts with the possibility of transforming your backpack into a satchel\/shoulder bag by adapting the rear mobile straps.\u00a0 <\/span><span style=\"font-weight: 400;\"><br \/><\/span><span style=\"font-weight: 400;\">Reinforced compartment: padded sleeve for laptops up to 15\u201d.\u00a0 <\/span><span style=\"font-weight: 400;\"><br \/><\/span><span style=\"font-weight: 400;\">Interior pockets and front space for everyday objects. <\/span><span style=\"font-weight: 400;\"><br \/><\/span><span style=\"font-weight: 400;\">Key holder hook. <\/span><\/p>\n\n\t\t<\/div>\n\t<\/div>\n<div class=\"vc_separator wpb_content_element vc_separator_align_center vc_sep_width_100 vc_separator_no_text vc_sep_color_grey\" ><span class=\"vc_sep_holder vc_sep_holder_l\"><span  class=\"vc_sep_line\"><\/span><\/span><span class=\"vc_sep_holder vc_sep_holder_r\"><span  class=\"vc_sep_line\"><\/span><\/span>\n<\/div><\/div><\/div><\/div><\/div><\/div><div  class=\"sec_row container\"><div class=\"vc_row wpb_row vc_row-fluid vc_custom_1578426492127\"><div class=\"wpb_column vc_column_container vc_col-sm-12 et-dark-column\"><div class=\"vc_column-inner\"><div class=\"wpb_wrapper\"><div class=\"vc_row wpb_row vc_inner vc_row-fluid max_width align-center vc_row-o-content-middle vc_row-flex\"><div class=\"wpb_column vc_column_container animation left-to-right vc_col-sm-12 vc_col-lg-4 et-dark-column\"><div class=\"vc_column-inner\"><div class=\"wpb_wrapper\">\n\t<div class=\"wpb_text_column wpb_content_element animation bottom-to-top  vc_custom_1638895200470\" >\n\t\t<div class=\"wpb_wrapper\">\n\t\t\t<h5 style=\"text-align: center;\"><label class=\"fancy-tag\">Functional<\/label><\/h5>\n<h1 style=\"text-align: center;\">Take everything.<\/h1>\n<h1 style=\"text-align: center;\">Find everything<\/h1>\n<p style=\"text-align: center;\">Your day organized <span style=\"font-weight: 400;\">Mochila &#8211; Morral \u201cD\u00fao\u201d Cafayate\u00a0<\/span><\/p>\n\n\t\t<\/div>\n\t<\/div>\n<\/div><\/div><\/div><div class=\"wpb_column vc_column_container animation right-to-left-3d vc_col-sm-12 vc_col-lg-6 et-dark-column\"><div class=\"vc_column-inner\"><div class=\"wpb_wrapper\">\n\t<div id=\"et-video-lightbox-69d7f99ed52d1\" class=\"et-lightbox et-video-lightbox mfp-video lightbox-image icon-pulse icon-color- hover-zoom large animation bottom-to-top\" data-mfp-type=\"iframe\" data-mfp-src=\"https:\/\/www.youtube.com\/watch?v=ZWMYRhGbo9I\" >\n\t\t\t\t\t\n\t\t\t<img decoding=\"async\" src=\"https:\/\/tasche.com.ar\/wp-content\/uploads\/2021\/12\/WhatsApp-Image-2021-12-07-at-13.13.17.jpeg\" alt=\"WhatsApp Image 2021-12-07 at 13.13.17\" \/>\n\t\t\t\t\n\t\t<div class=\"et-video-icon\">\n\t\t\t<svg xmlns=\"http:\/\/www.w3.org\/2000\/svg\" width=\"24\" height=\"24\" viewbox=\"0 0 24 24\" fill=\"none\" stroke=\"currentColor\" stroke-width=\"2\" stroke-linecap=\"round\" stroke-linejoin=\"round\" class=\"feather feather-play\"><polygon points=\"5 3 19 12 5 21 5 3\"><\/polygon><\/svg>\t\t<\/div>\n\n\t\t\t<\/div>\n\t<\/div><\/div><\/div><\/div><\/div><\/div><\/div><\/div><\/div><div  class=\"sec_row container\"><div class=\"vc_row wpb_row vc_row-fluid\"><div class=\"wpb_column vc_column_container vc_col-sm-12 et-dark-column\"><div class=\"vc_column-inner\"><div class=\"wpb_wrapper\">\n\t<div class=\"wpb_text_column wpb_content_element\" >\n\t\t<div class=\"wpb_wrapper\">\n\t\t\t<p><!-- \/wp:post-content --><\/p>\n\n\t\t<\/div>\n\t<\/div>\n<\/div><\/div><\/div><\/div><\/div><div  class=\"sec_row container\"><div class=\"vc_row wpb_row vc_row-fluid\"><div class=\"wpb_column vc_column_container vc_col-sm-12 et-dark-column\"><div class=\"vc_column-inner\"><div class=\"wpb_wrapper\">\n\t<div class=\"wpb_text_column wpb_content_element\" >\n\t\t<div class=\"wpb_wrapper\">\n\t\t\t<p><!-- wp:shortcode --><\/p>\n\n\t\t<\/div>\n\t<\/div>\n<\/div><\/div><\/div><\/div><\/div><div  class=\"sec_row container-fluid\"><div class=\"vc_row wpb_row vc_row-fluid no-padding vc_custom_1622944153209 vc_row-has-fill\"><div class=\"wpb_column vc_column_container vc_col-sm-12 et-dark-column\"><div class=\"vc_column-inner\"><div class=\"wpb_wrapper\"><div class=\"vc_row wpb_row vc_inner vc_row-fluid max_width align-center vc_row-o-content-middle vc_row-flex\"><div class=\"wpb_column vc_column_container animation bottom-to-top vc_col-sm-12 et-dark-column\"><div class=\"vc_column-inner\"><div class=\"wpb_wrapper\">\n\t<div class=\"wpb_text_column wpb_content_element   vc_custom_1638895226455\" >\n\t\t<div class=\"wpb_wrapper\">\n\t\t\t<p style=\"text-align: center;\"><span style=\"font-weight: 400;\">Backpack \u201cD\u00fao\u201d Cafayate\u00a0<\/span><\/p>\n<h2 style=\"text-align: center;\">FEATURES<\/h2>\n\n\t\t<\/div>\n\t<\/div>\n<div class=\"vc_empty_space\"   style=\"height: 32px\"><span class=\"vc_empty_space_inner\"><\/span><\/div><div class=\"vc_empty_space\"   style=\"height: 32px\"><span class=\"vc_empty_space_inner\"><\/span><\/div><\/div><\/div><\/div><\/div><div class=\"vc_row wpb_row vc_inner vc_row-fluid align-center vc_row-o-content-middle vc_row-flex\"><div class=\"wpb_column vc_column_container vc_col-sm-12 vc_col-lg-12 et-dark-column\"><div class=\"vc_column-inner\"><div class=\"wpb_wrapper\">\t<div id=\"et-image-162\" class=\"et-image aligncenter full   et_image_link\">\n\t\t<div class=\"et-image-inner animation bottom-to-top\">\n\t\t\t\t\t\t\t<div class=\"et-image-thumb\">\n\t\t\t\t\t<img loading=\"lazy\" decoding=\"async\" width=\"7924\" height=\"3526\" src=\"https:\/\/tasche.com.ar\/wp-content\/uploads\/2021\/12\/20211207_TASCHE_web_shop-morral-02.png\" class=\"attachment-full\" alt=\"\" srcset=\"https:\/\/tasche.com.ar\/wp-content\/uploads\/2021\/12\/20211207_TASCHE_web_shop-morral-02.png 7924w, https:\/\/tasche.com.ar\/wp-content\/uploads\/2021\/12\/20211207_TASCHE_web_shop-morral-02-300x133.png 300w, https:\/\/tasche.com.ar\/wp-content\/uploads\/2021\/12\/20211207_TASCHE_web_shop-morral-02-1024x456.png 1024w, https:\/\/tasche.com.ar\/wp-content\/uploads\/2021\/12\/20211207_TASCHE_web_shop-morral-02-768x342.png 768w, https:\/\/tasche.com.ar\/wp-content\/uploads\/2021\/12\/20211207_TASCHE_web_shop-morral-02-1536x683.png 1536w, https:\/\/tasche.com.ar\/wp-content\/uploads\/2021\/12\/20211207_TASCHE_web_shop-morral-02-2048x911.png 2048w, https:\/\/tasche.com.ar\/wp-content\/uploads\/2021\/12\/20211207_TASCHE_web_shop-morral-02-150x67.png 150w, https:\/\/tasche.com.ar\/wp-content\/uploads\/2021\/12\/20211207_TASCHE_web_shop-morral-02-450x200.png 450w, https:\/\/tasche.com.ar\/wp-content\/uploads\/2021\/12\/20211207_TASCHE_web_shop-morral-02-900x400.png 900w\" sizes=\"auto, (max-width: 7924px) 100vw, 7924px\" \/>\t\t\t\t<\/div>\n\t\t\t\t\t\t\t\t\t\t\t<\/div>\n\t<\/div>\n  <\/div><\/div><\/div><\/div><\/div><\/div><\/div><\/div><\/div>","protected":false},"excerpt":{"rendered":"<p><strong>Ficha T\u00e9cnica<\/strong><\/p>\n<p><span style=\"font-weight: 400;\">Lona Panam\u00e1 y cuero vacuno leg\u00edtimo. Cuero vacuno leg\u00edtimo. Proceso de curtido vegetal de primera calidad<strong>.<\/strong><\/span><span style=\"font-weight: 400;\"><br \/><\/span><span style=\"font-weight: 400;\">Is the most natural and eco-friendly process, avoiding further contamination. <\/span><span style=\"font-weight: 400;\"><br \/><\/span><span style=\"font-weight: 400;\">Natural aging. A unique process that generates leather\u2019s distinctive characteristics.\nYou may be able to appreciate some natural marks that shall not be deemed as defects but as a true statement of natural quality.<\/span><\/p>\n<p><span style=\"font-weight: 400;\">Tackle: Zipper YKK Color-plated Zinc-Alloy Hardware<\/span><span style=\"font-weight: 400;\"><br \/><\/span><span style=\"font-weight: 400;\">Cotton lining and leather interior. <\/span><span style=\"font-weight: 400;\"><br \/><\/span><span style=\"font-weight: 400;\">Dimensions: <\/span><span style=\"font-weight: 400;\"><br \/><\/span><span style=\"font-weight: 400;\">L  32 cm. H  38 cm.  W 8cm <\/span><span style=\"font-weight: 400;\"><br \/><\/span><span style=\"font-weight: 400;\">Weight: 0.9 kg.\n\nLabtop maximum measure: L  28 cm. H  36 cm.  W 8cm<\/span><\/p>","protected":false},"featured_media":5022,"comment_status":"closed","ping_status":"closed","template":"","meta":[],"product_brand":[],"product_cat":[53],"product_tag":[],"class_list":{"0":"post-5018","1":"product","2":"type-product","3":"status-publish","4":"has-post-thumbnail","6":"product_cat-mochilas","8":"first","9":"instock","10":"shipping-taxable","11":"purchasable","12":"product-type-simple"},"_links":{"self":[{"href":"https:\/\/tasche.com.ar\/en\/wp-json\/wp\/v2\/product\/5018","targetHints":{"allow":["GET"]}}],"collection":[{"href":"https:\/\/tasche.com.ar\/en\/wp-json\/wp\/v2\/product"}],"about":[{"href":"https:\/\/tasche.com.ar\/en\/wp-json\/wp\/v2\/types\/product"}],"replies":[{"embeddable":true,"href":"https:\/\/tasche.com.ar\/en\/wp-json\/wp\/v2\/comments?post=5018"}],"wp:featuredmedia":[{"embeddable":true,"href":"https:\/\/tasche.com.ar\/en\/wp-json\/wp\/v2\/media\/5022"}],"wp:attachment":[{"href":"https:\/\/tasche.com.ar\/en\/wp-json\/wp\/v2\/media?parent=5018"}],"wp:term":[{"taxonomy":"product_brand","embeddable":true,"href":"https:\/\/tasche.com.ar\/en\/wp-json\/wp\/v2\/product_brand?post=5018"},{"taxonomy":"product_cat","embeddable":true,"href":"https:\/\/tasche.com.ar\/en\/wp-json\/wp\/v2\/product_cat?post=5018"},{"taxonomy":"product_tag","embeddable":true,"href":"https:\/\/tasche.com.ar\/en\/wp-json\/wp\/v2\/product_tag?post=5018"}],"curies":[{"name":"wp","href":"https:\/\/api.w.org\/{rel}","templated":true}]}}